{"id":850,"date":"2024-02-16T17:42:52","date_gmt":"2024-02-16T17:42:52","guid":{"rendered":"https:\/\/satamafilms.com\/?page_id=850"},"modified":"2024-06-04T16:13:29","modified_gmt":"2024-06-04T15:13:29","slug":"tietosuojaseloste","status":"publish","type":"page","link":"https:\/\/satamafilms.com\/index.php\/tietosuojaseloste\/","title":{"rendered":"TIETOSUOJASELOSTE"},"content":{"rendered":"\t\t<div data-elementor-type=\"wp-page\" data-elementor-id=\"850\" class=\"elementor elementor-850\">\n\t\t\t\t<div class=\"elementor-element elementor-element-72878ec e-flex e-con-boxed e-con e-parent\" data-id=\"72878ec\" data-element_type=\"container\">\n\t\t\t\t\t<div class=\"e-con-inner\">\n\t\t\t\t<div class=\"elementor-element elementor-element-17c1d8c elementor-widget elementor-widget-text-editor\" data-id=\"17c1d8c\" data-element_type=\"widget\" data-widget_type=\"text-editor.default\">\n\t\t\t\t<div class=\"elementor-widget-container\">\n\t\t\t\t\t\t\t\t\t<h2>1. Rekisterin pit\u00e4j\u00e4<\/h2><p>Satama Films Oy<br \/>info@satamafilms.com<\/p><h2>2. Yhteyshenkil\u00f6 rekisteri\u00e4 koskevissa asioissa<\/h2><p>Jyri Salminen, jyri.salminen@satamafilms.com<\/p><h2>3. Rekisterin nimi<\/h2><p>Satama Films verkkosivuston k\u00e4ytt\u00f6- ja viestint\u00e4rekisteri<\/p><h2>4. Henkil\u00f6tietojen k\u00e4sittelyn tarkoitus<\/h2><p>Henkil\u00f6tietoja tallennetaan jotta:<\/p><ul><li>Yhteydenottolomakkeilta tuleviin viesteihin voidaan vastata ja niiden l\u00e4hett\u00e4jiin pit\u00e4\u00e4 yhteytt\u00e4<\/li><\/ul><p>Rekisterin tietoja voidaan\u00a0<strong>k\u00e4ytt\u00e4j\u00e4n hyv\u00e4ksym\u00e4n\u00e4<\/strong>\u00a0k\u00e4ytt\u00e4\u00e4 my\u00f6s s\u00e4hk\u00f6postimarkkinointiin.<\/p><h2>5. Rekisterin tietoseloste<\/h2><p>K\u00e4ytt\u00e4j\u00e4 voi ilmoittaa seuraavia henkil\u00f6tietojaan:<\/p><ul><li>Nimi<\/li><li>Organisaation nimi<\/li><li>Osoite<\/li><li>Puhelinnumero<\/li><li>S\u00e4hk\u00f6postiosoite<\/li><li>Muut vapaamuotoiset tiedot<\/li><\/ul><p>Lis\u00e4ksi tallennamme lomakkeiden\/tilauksen l\u00e4hett\u00e4misen ajankohdan (p\u00e4iv\u00e4m\u00e4\u00e4r\u00e4 ja kellonaika).<\/p><h3>5.1 Muilta sivustoilta upotettu sis\u00e4lt\u00f6<\/h3><p>T\u00e4m\u00e4n sivuston sivut voivat sis\u00e4lt\u00e4\u00e4 upotettua sis\u00e4lt\u00f6\u00e4 (esimerkiksi videoita, kuvia, artikkeleita jne.). Toisilta sivustoilta tuodun upotetun sis\u00e4ll\u00f6n avaaminen on verrattavissa siihen, ett\u00e4 vierailija itse k\u00e4visi kolmannen osapuolen sivustolla.<\/p><p>N\u00e4m\u00e4 sivustot voivat ker\u00e4t\u00e4 tietoa sinusta, k\u00e4ytt\u00e4\u00e4 ev\u00e4steit\u00e4, upottaa kolmannen osapuolen seurantaev\u00e4steit\u00e4 ja monitoroida vuorovaikutustasi upotetun sis\u00e4ll\u00f6n kanssa, mukaan lukien vuorovaikutuksen seuranta jos ja kun olet kirjautunut k\u00e4ytt\u00e4j\u00e4n\u00e4 sivustolle.<\/p><h2>6. S\u00e4\u00e4nn\u00f6nmukaiset tietol\u00e4hteet<\/h2><p>Rekisterin tiedot saadaan vain suoraan k\u00e4ytt\u00e4jilt\u00e4 itselt\u00e4\u00e4n verkkolomakkeiden kautta.<\/p><p>Sen lis\u00e4ksi verkkosivusto ker\u00e4\u00e4 automaattisesti lokitietoja.<\/p><h2>7. S\u00e4\u00e4nn\u00f6nmukaiset luovutukset<\/h2><p>Emme s\u00e4\u00e4nn\u00f6nmukaisesti luovuta tietojasi kenellek\u00e4\u00e4n.<\/p><h2>8. Tietojen luovutus EU:n tai ETA:n ulkopuolelle<\/h2><p>Tarvittaessa rekisterinpit\u00e4j\u00e4 voi my\u00f6s ulkoistaa henkil\u00f6tietojen k\u00e4sittelyn yrityksen ulkopuolisille yrityksille, jotka voivat sijaita my\u00f6s Euroopan Unionin ja Euroopan talousalueen ulkopuolella olevissa maissa, kuten Yhdysvalloissa. N\u00e4m\u00e4 yritykset voivat k\u00e4sitell\u00e4 henkil\u00f6tietoja tarjotakseen esimerkiksi infrastruktuuri- ja IT-palveluita, tai muita palveluja kuten uutiskirjeiden l\u00e4hetyksi\u00e4. T\u00e4llaisissa tapauksissa riitt\u00e4v\u00e4st\u00e4 tietoturvasta ja rekisterin k\u00e4sittelyst\u00e4 huolehditaan esim. sopimusteitse k\u00e4ytt\u00e4m\u00e4ll\u00e4 EU-komission hyv\u00e4ksymi\u00e4 mallilausekkeita. Luovutettavia henkil\u00f6tietoja voivat olla nimi, osoite, s\u00e4hk\u00f6postiosoite ja puhelinnumero.<\/p><h2>9. Rekisterin suojauksen periaatteet<\/h2><p>Rekisteritietoihin p\u00e4\u00e4see k\u00e4siksi ainoastaan rekisterinpit\u00e4j\u00e4 ja erikseen nimetyt henkil\u00f6t. Ainoastaan nimetyill\u00e4 henkil\u00f6ill\u00e4 on oikeus k\u00e4sitell\u00e4 ja yll\u00e4pit\u00e4\u00e4 rekisterin tietoja. K\u00e4ytt\u00e4ji\u00e4 sitoo vaitiolovelvollisuus.<\/p><p>Tietoverkko ja ATK-laitteet, joilla rekisteri sijaitsee, on suojattu palomuurilla ja muin teknisin toimenpitein.\u00a0 Sivuston tietoliikenne on salattua.<\/p><h2>10. Tarkastusoikeus<\/h2><p>Jokaisella on p\u00e4\u00e4s\u00e4\u00e4nt\u00f6isesti oikeus saada tarkastaa itse\u00e4\u00e4n koskevat tiedot.<\/p><p>Tarkastuspyynt\u00f6 tulee tehd\u00e4 kirjallisesti omak\u00e4tisesti allekirjoitetulla kirjeell\u00e4 tai s\u00e4hk\u00f6postilla. Pyynt\u00f6 osoitetaan rekisterin yll\u00e4pit\u00e4j\u00e4lle.<\/p><p>Tarkastuspyynn\u00f6st\u00e4 on oikeus peri\u00e4 kohtuullinen korvaus.<\/p><h2>11. Oikeus vaatia tiedon korjaamista<\/h2><p>Jokaisella on oikeus vaatia rekisteriss\u00e4 olevan virheellisen tiedon korjaamista.<\/p><p>Korjaamispyynt\u00f6 on syyt\u00e4 tehd\u00e4 kirjallisesti ja riitt\u00e4v\u00e4n yksil\u00f6idysti: pyynn\u00f6ss\u00e4 on ilmoitettava nimi sek\u00e4 virheelliset ja korjatut tiedot. Pyynt\u00f6 osoitetaan rekisterin yll\u00e4pit\u00e4j\u00e4lle.<\/p><h2>12. Ev\u00e4ste<\/h2><p>T\u00e4ll\u00e4 sivustolla k\u00e4ytet\u00e4\u00e4n ev\u00e4steit\u00e4 (eng. cookies). K\u00e4ytt\u00e4m\u00e4ll\u00e4 sivustoa hyv\u00e4ksyt ev\u00e4steiden k\u00e4yt\u00f6n.<\/p><p>Ev\u00e4steet ovat internet-palvelun k\u00e4ytt\u00f6\u00e4 kuvaavia tietoja, jotka tallentuvat esimerkiksi k\u00e4ytt\u00e4j\u00e4n tietokoneeseen ja joita voidaan k\u00e4ytt\u00e4\u00e4 internet-selaimen ja -palvelimen v\u00e4lisen yhteydenpidon ohjaamiseen. K\u00e4ytt\u00e4j\u00e4 voi halutessaan est\u00e4\u00e4 ev\u00e4steiden k\u00e4yt\u00f6n selaimensa asetuksia muuttamalla. Ohjeet ev\u00e4steiden k\u00e4yt\u00f6n est\u00e4miseen l\u00f6yd\u00e4t selaimesi omilta ohjesivuilta:<\/p><p><a href=\"https:\/\/support.mozilla.org\/fi\/kb\/evasteiden-paalle-ja-poiskytkeminen\" target=\"_blank\" rel=\"noreferrer noopener\">Firefox<\/a><br \/><a href=\"https:\/\/support.google.com\/chrome\/answer\/95647?co=GENIE.Platform%3DDesktop&amp;hl=fi\" target=\"_blank\" rel=\"noreferrer noopener\">Chrome<\/a><br \/><a href=\"https:\/\/support.google.com\/accounts\/answer\/32050?co=GENIE.Platform%3DAndroid&amp;hl=fi&amp;oco=0\" target=\"_blank\" rel=\"noreferrer noopener\">Chrome Android<\/a><br \/><a href=\"https:\/\/support.google.com\/accounts\/answer\/32050?co=GENIE.Platform%3DiOS&amp;hl=fi&amp;oco=0\" target=\"_blank\" rel=\"noreferrer noopener\">Chrome iOS<\/a><br \/><a href=\"https:\/\/help.opera.com\/en\/latest\/web-preferences\/#cookies\" target=\"_blank\" rel=\"noreferrer noopener\">Opera<\/a><br \/><a href=\"https:\/\/support.microsoft.com\/fi-fi\/help\/17442\/windows-internet-explorer-delete-manage-cookies\" target=\"_blank\" rel=\"noreferrer noopener\">Internet Explorer<\/a><br \/><a href=\"https:\/\/support.apple.com\/kb\/ph21411?locale=fi_FI\" target=\"_blank\" rel=\"noreferrer noopener\">Safari<\/a><br \/><a href=\"https:\/\/support.apple.com\/fi-fi\/HT201265\" target=\"_blank\" rel=\"noreferrer noopener\">iOS Safari<\/a><\/p>\t\t\t\t\t\t\t\t<\/div>\n\t\t\t\t<\/div>\n\t\t\t\t\t<\/div>\n\t\t\t\t<\/div>\n\t\t\t\t<\/div>\n\t\t","protected":false},"excerpt":{"rendered":"<p>1. Rekisterin pit\u00e4j\u00e4 Satama Films Oyinfo@satamafilms.com 2. Yhteyshenkil\u00f6 rekisteri\u00e4 koskevissa asioissa Jyri Salminen, jyri.salminen@satamafilms.com 3. Rekisterin nimi Satama Films verkkosivuston k\u00e4ytt\u00f6- ja viestint\u00e4rekisteri 4. Henkil\u00f6tietojen k\u00e4sittelyn tarkoitus Henkil\u00f6tietoja tallennetaan jotta: Yhteydenottolomakkeilta tuleviin viesteihin voidaan vastata ja niiden l\u00e4hett\u00e4jiin pit\u00e4\u00e4 yhteytt\u00e4 Rekisterin tietoja voidaan\u00a0k\u00e4ytt\u00e4j\u00e4n hyv\u00e4ksym\u00e4n\u00e4\u00a0k\u00e4ytt\u00e4\u00e4 my\u00f6s s\u00e4hk\u00f6postimarkkinointiin. 5. Rekisterin tietoseloste K\u00e4ytt\u00e4j\u00e4 voi ilmoittaa seuraavia henkil\u00f6tietojaan: Nimi [&hellip;]<\/p>\n","protected":false},"author":1,"featured_media":0,"parent":0,"menu_order":0,"comment_status":"closed","ping_status":"closed","template":"","meta":{"footnotes":""},"blocksy_meta":[],"yoast_head":"<!-- This site is optimized with the Yoast SEO plugin v23.0 - https:\/\/yoast.com\/wordpress\/plugins\/seo\/ -->\n<title>TIETOSUOJASELOSTE - Satama Films<\/title>\n<meta name=\"robots\" content=\"index, follow, max-snippet:-1, max-image-preview:large, max-video-preview:-1\" \/>\n<link rel=\"canonical\" href=\"https:\/\/satamafilms.com\/index.php\/tietosuojaseloste\/\" \/>\n<meta property=\"og:locale\" content=\"en_US\" \/>\n<meta property=\"og:type\" content=\"article\" \/>\n<meta property=\"og:title\" content=\"TIETOSUOJASELOSTE - Satama Films\" \/>\n<meta property=\"og:description\" content=\"1. Rekisterin pit\u00e4j\u00e4 Satama Films Oyinfo@satamafilms.com 2. Yhteyshenkil\u00f6 rekisteri\u00e4 koskevissa asioissa Jyri Salminen, jyri.salminen@satamafilms.com 3. Rekisterin nimi Satama Films verkkosivuston k\u00e4ytt\u00f6- ja viestint\u00e4rekisteri 4. Henkil\u00f6tietojen k\u00e4sittelyn tarkoitus Henkil\u00f6tietoja tallennetaan jotta: Yhteydenottolomakkeilta tuleviin viesteihin voidaan vastata ja niiden l\u00e4hett\u00e4jiin pit\u00e4\u00e4 yhteytt\u00e4 Rekisterin tietoja voidaan\u00a0k\u00e4ytt\u00e4j\u00e4n hyv\u00e4ksym\u00e4n\u00e4\u00a0k\u00e4ytt\u00e4\u00e4 my\u00f6s s\u00e4hk\u00f6postimarkkinointiin. 5. Rekisterin tietoseloste K\u00e4ytt\u00e4j\u00e4 voi ilmoittaa seuraavia henkil\u00f6tietojaan: Nimi [&hellip;]\" \/>\n<meta property=\"og:url\" content=\"https:\/\/satamafilms.com\/index.php\/tietosuojaseloste\/\" \/>\n<meta property=\"og:site_name\" content=\"Satama Films\" \/>\n<meta property=\"article:publisher\" content=\"https:\/\/www.facebook.com\/satamafilms\" \/>\n<meta property=\"article:modified_time\" content=\"2024-06-04T15:13:29+00:00\" \/>\n<meta name=\"twitter:card\" content=\"summary_large_image\" \/>\n<meta name=\"twitter:site\" content=\"@SatamaFilms\" \/>\n<meta name=\"twitter:label1\" content=\"Est. reading time\" \/>\n\t<meta name=\"twitter:data1\" content=\"3 minutes\" \/>\n<script type=\"application\/ld+json\" class=\"yoast-schema-graph\">{\"@context\":\"https:\/\/schema.org\",\"@graph\":[{\"@type\":\"WebPage\",\"@id\":\"https:\/\/satamafilms.com\/index.php\/tietosuojaseloste\/\",\"url\":\"https:\/\/satamafilms.com\/index.php\/tietosuojaseloste\/\",\"name\":\"TIETOSUOJASELOSTE - Satama Films\",\"isPartOf\":{\"@id\":\"https:\/\/satamafilms.com\/#website\"},\"datePublished\":\"2024-02-16T17:42:52+00:00\",\"dateModified\":\"2024-06-04T15:13:29+00:00\",\"breadcrumb\":{\"@id\":\"https:\/\/satamafilms.com\/index.php\/tietosuojaseloste\/#breadcrumb\"},\"inLanguage\":\"en-US\",\"potentialAction\":[{\"@type\":\"ReadAction\",\"target\":[\"https:\/\/satamafilms.com\/index.php\/tietosuojaseloste\/\"]}]},{\"@type\":\"BreadcrumbList\",\"@id\":\"https:\/\/satamafilms.com\/index.php\/tietosuojaseloste\/#breadcrumb\",\"itemListElement\":[{\"@type\":\"ListItem\",\"position\":1,\"name\":\"Home\",\"item\":\"https:\/\/satamafilms.com\/\"},{\"@type\":\"ListItem\",\"position\":2,\"name\":\"TIETOSUOJASELOSTE\"}]},{\"@type\":\"WebSite\",\"@id\":\"https:\/\/satamafilms.com\/#website\",\"url\":\"https:\/\/satamafilms.com\/\",\"name\":\"Satama Films\",\"description\":\"\",\"publisher\":{\"@id\":\"https:\/\/satamafilms.com\/#organization\"},\"potentialAction\":[{\"@type\":\"SearchAction\",\"target\":{\"@type\":\"EntryPoint\",\"urlTemplate\":\"https:\/\/satamafilms.com\/?s={search_term_string}\"},\"query-input\":\"required name=search_term_string\"}],\"inLanguage\":\"en-US\"},{\"@type\":\"Organization\",\"@id\":\"https:\/\/satamafilms.com\/#organization\",\"name\":\"Satama Films Oy\",\"url\":\"https:\/\/satamafilms.com\/\",\"logo\":{\"@type\":\"ImageObject\",\"inLanguage\":\"en-US\",\"@id\":\"https:\/\/satamafilms.com\/#\/schema\/logo\/image\/\",\"url\":\"https:\/\/satamafilms.com\/wp-content\/uploads\/2024\/02\/logo-transparent.png\",\"contentUrl\":\"https:\/\/satamafilms.com\/wp-content\/uploads\/2024\/02\/logo-transparent.png\",\"width\":709,\"height\":421,\"caption\":\"Satama Films Oy\"},\"image\":{\"@id\":\"https:\/\/satamafilms.com\/#\/schema\/logo\/image\/\"},\"sameAs\":[\"https:\/\/www.facebook.com\/satamafilms\",\"https:\/\/x.com\/SatamaFilms\",\"https:\/\/www.instagram.com\/satamafilms\/\",\"https:\/\/www.youtube.com\/@SatamaFilms\",\"https:\/\/www.tiktok.com\/@satamafilms\"]}]}<\/script>\n<!-- \/ Yoast SEO plugin. -->","yoast_head_json":{"title":"TIETOSUOJASELOSTE - Satama Films","robots":{"index":"index","follow":"follow","max-snippet":"max-snippet:-1","max-image-preview":"max-image-preview:large","max-video-preview":"max-video-preview:-1"},"canonical":"https:\/\/satamafilms.com\/index.php\/tietosuojaseloste\/","og_locale":"en_US","og_type":"article","og_title":"TIETOSUOJASELOSTE - Satama Films","og_description":"1. Rekisterin pit\u00e4j\u00e4 Satama Films Oyinfo@satamafilms.com 2. Yhteyshenkil\u00f6 rekisteri\u00e4 koskevissa asioissa Jyri Salminen, jyri.salminen@satamafilms.com 3. Rekisterin nimi Satama Films verkkosivuston k\u00e4ytt\u00f6- ja viestint\u00e4rekisteri 4. Henkil\u00f6tietojen k\u00e4sittelyn tarkoitus Henkil\u00f6tietoja tallennetaan jotta: Yhteydenottolomakkeilta tuleviin viesteihin voidaan vastata ja niiden l\u00e4hett\u00e4jiin pit\u00e4\u00e4 yhteytt\u00e4 Rekisterin tietoja voidaan\u00a0k\u00e4ytt\u00e4j\u00e4n hyv\u00e4ksym\u00e4n\u00e4\u00a0k\u00e4ytt\u00e4\u00e4 my\u00f6s s\u00e4hk\u00f6postimarkkinointiin. 5. Rekisterin tietoseloste K\u00e4ytt\u00e4j\u00e4 voi ilmoittaa seuraavia henkil\u00f6tietojaan: Nimi [&hellip;]","og_url":"https:\/\/satamafilms.com\/index.php\/tietosuojaseloste\/","og_site_name":"Satama Films","article_publisher":"https:\/\/www.facebook.com\/satamafilms","article_modified_time":"2024-06-04T15:13:29+00:00","twitter_card":"summary_large_image","twitter_site":"@SatamaFilms","twitter_misc":{"Est. reading time":"3 minutes"},"schema":{"@context":"https:\/\/schema.org","@graph":[{"@type":"WebPage","@id":"https:\/\/satamafilms.com\/index.php\/tietosuojaseloste\/","url":"https:\/\/satamafilms.com\/index.php\/tietosuojaseloste\/","name":"TIETOSUOJASELOSTE - Satama Films","isPartOf":{"@id":"https:\/\/satamafilms.com\/#website"},"datePublished":"2024-02-16T17:42:52+00:00","dateModified":"2024-06-04T15:13:29+00:00","breadcrumb":{"@id":"https:\/\/satamafilms.com\/index.php\/tietosuojaseloste\/#breadcrumb"},"inLanguage":"en-US","potentialAction":[{"@type":"ReadAction","target":["https:\/\/satamafilms.com\/index.php\/tietosuojaseloste\/"]}]},{"@type":"BreadcrumbList","@id":"https:\/\/satamafilms.com\/index.php\/tietosuojaseloste\/#breadcrumb","itemListElement":[{"@type":"ListItem","position":1,"name":"Home","item":"https:\/\/satamafilms.com\/"},{"@type":"ListItem","position":2,"name":"TIETOSUOJASELOSTE"}]},{"@type":"WebSite","@id":"https:\/\/satamafilms.com\/#website","url":"https:\/\/satamafilms.com\/","name":"Satama Films","description":"","publisher":{"@id":"https:\/\/satamafilms.com\/#organization"},"potentialAction":[{"@type":"SearchAction","target":{"@type":"EntryPoint","urlTemplate":"https:\/\/satamafilms.com\/?s={search_term_string}"},"query-input":"required name=search_term_string"}],"inLanguage":"en-US"},{"@type":"Organization","@id":"https:\/\/satamafilms.com\/#organization","name":"Satama Films Oy","url":"https:\/\/satamafilms.com\/","logo":{"@type":"ImageObject","inLanguage":"en-US","@id":"https:\/\/satamafilms.com\/#\/schema\/logo\/image\/","url":"https:\/\/satamafilms.com\/wp-content\/uploads\/2024\/02\/logo-transparent.png","contentUrl":"https:\/\/satamafilms.com\/wp-content\/uploads\/2024\/02\/logo-transparent.png","width":709,"height":421,"caption":"Satama Films Oy"},"image":{"@id":"https:\/\/satamafilms.com\/#\/schema\/logo\/image\/"},"sameAs":["https:\/\/www.facebook.com\/satamafilms","https:\/\/x.com\/SatamaFilms","https:\/\/www.instagram.com\/satamafilms\/","https:\/\/www.youtube.com\/@SatamaFilms","https:\/\/www.tiktok.com\/@satamafilms"]}]}},"_links":{"self":[{"href":"https:\/\/satamafilms.com\/index.php\/wp-json\/wp\/v2\/pages\/850"}],"collection":[{"href":"https:\/\/satamafilms.com\/index.php\/wp-json\/wp\/v2\/pages"}],"about":[{"href":"https:\/\/satamafilms.com\/index.php\/wp-json\/wp\/v2\/types\/page"}],"author":[{"embeddable":true,"href":"https:\/\/satamafilms.com\/index.php\/wp-json\/wp\/v2\/users\/1"}],"replies":[{"embeddable":true,"href":"https:\/\/satamafilms.com\/index.php\/wp-json\/wp\/v2\/comments?post=850"}],"version-history":[{"count":13,"href":"https:\/\/satamafilms.com\/index.php\/wp-json\/wp\/v2\/pages\/850\/revisions"}],"predecessor-version":[{"id":1297,"href":"https:\/\/satamafilms.com\/index.php\/wp-json\/wp\/v2\/pages\/850\/revisions\/1297"}],"wp:attachment":[{"href":"https:\/\/satamafilms.com\/index.php\/wp-json\/wp\/v2\/media?parent=850"}],"curies":[{"name":"wp","href":"https:\/\/api.w.org\/{rel}","templated":true}]}}